{"id":2,"date":"2017-02-17T07:40:14","date_gmt":"2017-02-17T09:40:14","guid":{"rendered":"http:\/\/www.foradacaixacoletivo.com.br\/openzine\/?page_id=2"},"modified":"2026-02-02T11:11:58","modified_gmt":"2026-02-02T14:11:58","slug":"sobre","status":"publish","type":"page","link":"https:\/\/www.foradacaixacoletivo.com.br\/openzine\/sobre\/","title":{"rendered":"Sobre"},"content":{"rendered":"\n<h2 class=\"wp-block-heading\">Sobre<\/h2>\n\n\n\n<p><strong>A Openzine<\/strong><br>Pretende ser um canal de reflex\u00e3o e di\u00e1logo, bem como um portal de divulga\u00e7\u00e3o dos projetos s\u00f3cio culturais que estamos realizando e a programa\u00e7\u00e3o de cursos e encontros de di\u00e1logo que promovemos mensalmente.<br>Optamos por um formato de revista digital aberta, onde as atualiza\u00e7\u00f5es de artigos e not\u00edcias podem ser inseridas a qualquer momento, mantendo a vitalidade e atualizando seu conte\u00fado com liberdade. Nossa inten\u00e7\u00e3o \u00e9 reunir em nossas publica\u00e7\u00f5es assuntos que est\u00e3o relacionados \u00e0 nossa miss\u00e3o, que \u00e9 inspirar, resgatar valores como a paz,o di\u00e1logo e a n\u00e3o-viol\u00eancia, buscando despertar o esp\u00edrito de servi\u00e7o e altru\u00edsmo engajado. Trabalhando na difus\u00e3o do legado de fil\u00f3sofos e pacifistas que revolucionaram o mundo atrav\u00e9s de seus exemplos de for\u00e7a interior, \u00e9tica e autoridade moral.<\/p>\n\n\n\n<figure class=\"wp-block-image alignleft size-full is-resized is-style-rounded\"><img loading=\"lazy\" decoding=\"async\" width=\"512\" height=\"512\" src=\"https:\/\/www.foradacaixacoletivo.com.br\/openzine\/wp-content\/uploads\/2017\/02\/cropped-cropped-logo-openzine.png\" alt=\"\" class=\"wp-image-343\" style=\"width:145px\" srcset=\"https:\/\/www.foradacaixacoletivo.com.br\/openzine\/wp-content\/uploads\/2017\/02\/cropped-cropped-logo-openzine.png 512w, https:\/\/www.foradacaixacoletivo.com.br\/openzine\/wp-content\/uploads\/2017\/02\/cropped-cropped-logo-openzine-150x150.png 150w, https:\/\/www.foradacaixacoletivo.com.br\/openzine\/wp-content\/uploads\/2017\/02\/cropped-cropped-logo-openzine-300x300.png 300w, https:\/\/www.foradacaixacoletivo.com.br\/openzine\/wp-content\/uploads\/2017\/02\/cropped-cropped-logo-openzine-270x270.png 270w, https:\/\/www.foradacaixacoletivo.com.br\/openzine\/wp-content\/uploads\/2017\/02\/cropped-cropped-logo-openzine-192x192.png 192w, https:\/\/www.foradacaixacoletivo.com.br\/openzine\/wp-content\/uploads\/2017\/02\/cropped-cropped-logo-openzine-180x180.png 180w, https:\/\/www.foradacaixacoletivo.com.br\/openzine\/wp-content\/uploads\/2017\/02\/cropped-cropped-logo-openzine-32x32.png 32w\" sizes=\"auto, (max-width: 512px) 100vw, 512px\" \/><\/figure>\n\n\n\n<p><strong>O Coletivo<\/strong><br>Iniciamos nossas atividades em 2015 e desde ent\u00e3o estamos trabalhando ativamente na cria\u00e7\u00e3o de um espa\u00e7o de aprendizado e di\u00e1logo. Promovemos cursos, palestras e eventos tem\u00e1ticos no intuito de difundir a Cultura de Paz e a N\u00e3o-viol\u00eancia. Desde 2018 desenvolvemos um programa de <strong>Educa\u00e7\u00e3o para Paz<\/strong> com jovens e crian\u00e7as que frequentam o Educand\u00e1rio e Instituto Andr\u00e9 Luiz, os participantes aprendem a meditar, refletir e s\u00e3o introduzidos ao pensamento de fil\u00f3sofos e pacifistas como Mahatma Gandhi, Dalai Lama, Martin Luther King, Desmond Tutu, entre outros. Nosso programa de <strong>Lideran\u00e7a e Sa\u00fade Emocional<\/strong> j\u00e1 foi premiado no Congresso de Adolesc\u00eancias na UNIFESP 2018, foi premiado como um projeto&nbsp; Top 10 pela Funda\u00e7\u00e3o Lemann, participamos como convidados no evento de lan\u00e7amento do See Learning organizado pela Universidade de Emory e o Dalai Lama Trust na cidade de Nova Delhi, \u00cdndia em 2019 e foi objeto de estudo da Universidade de Amsterdam em 2021. Nossa equipe \u00e9 composta por quatro pessoas que trabalham voluntariamente e apoiam a implementa\u00e7\u00e3o dos projetos e a realiza\u00e7\u00e3o dos eventos.<\/p>\n\n\n\n<p><strong>About the Collective<\/strong><br>We began our activities in 2015 and since then we have been actively working on creating a space for learning and dialogue. We promote courses, lectures and thematic events with the aim of spreading the Culture of Peace and Non-violence. Since 2018, we have developed an <strong>Peace Education<\/strong> program with young people and children who attend Educand\u00e1rio and Instituto Andr\u00e9 Luiz, participants learn to meditate, reflect and are introduced to the thinking of philosophers and pacifists such as Mahatma Gandhi, Dalai Lama, Martin Luther King, Desmond Tutu, among others. Our <strong>Leadership and Emotional Health<\/strong> program has already been awarded at the Congress of Adolescence at UNIFESP 2018,it was considered of of the Top 10 project by Lermann Foundation in 2019, participated as a guest at the See Learning launch event organized by Emory University and the Dalai Lama Trust in the city of New Delhi, India in 2019 and was the subject of study at the University of Amsterdam in 2021. Our team is made up of four people who work voluntarily and support the implementation of projects and events.<\/p>\n\n\n\n<div style=\"height:40px\" aria-hidden=\"true\" class=\"wp-block-spacer\"><\/div>\n\n\n\n<p><strong>Quem Somos<br><\/strong>Integram a nossa equipe quatro indiv\u00edduos que atuam em diferentes \u00e1reas profissionais e t\u00eam um objetivo em comum: trabalhar no desenvolvimento de a\u00e7\u00f5es culturais, educacionais e sociais. Buscamos resgatar o engajamento dos indiv\u00edduos na melhoria da vida em sociedade, promovendo a\u00e7\u00f5es de cultura de paz, simplicidade volunt\u00e1ria, \u00e9tica e a gentileza nas rela\u00e7\u00f5es. Contamos tamb\u00e9m com uma rede de professores convidados que colaboram em nossos eventos e enriquecem nosso aprendizado.<\/p>\n\n\n\n<p><strong>Who We Are<br><\/strong>Our team comprises four individuals who work in different professional areas and have a common goal: working on the development of cultural, educational and social actions. We seek to recover the engagement of individuals in improving life in society, promoting actions of a culture of peace, voluntary simplicity, ethics and kindness in relationships. We also have a network of guest teachers who collaborate in our events and enrich our learning.<\/p>\n\n\n\n<div style=\"height:30px\" aria-hidden=\"true\" class=\"wp-block-spacer\"><\/div>\n\n\n\n<figure class=\"wp-block-image alignleft size-large is-resized is-style-rounded\"><img data-dominant-color=\"919d9c\" data-has-transparency=\"false\" loading=\"lazy\" decoding=\"async\" width=\"1024\" height=\"1024\" src=\"https:\/\/www.foradacaixacoletivo.com.br\/openzine\/wp-content\/uploads\/2023\/09\/WhatsApp-Image-2023-09-20-at-17.27.12-jpeg-e1695307375381-1024x1024.webp\" alt=\"\" class=\"wp-image-6253 not-transparent\" style=\"--dominant-color: #919d9c; width:145px\" srcset=\"https:\/\/www.foradacaixacoletivo.com.br\/openzine\/wp-content\/uploads\/2023\/09\/WhatsApp-Image-2023-09-20-at-17.27.12-jpeg-e1695307375381-1024x1024.webp 1024w, https:\/\/www.foradacaixacoletivo.com.br\/openzine\/wp-content\/uploads\/2023\/09\/WhatsApp-Image-2023-09-20-at-17.27.12-jpeg-e1695307375381-300x300.webp 300w, https:\/\/www.foradacaixacoletivo.com.br\/openzine\/wp-content\/uploads\/2023\/09\/WhatsApp-Image-2023-09-20-at-17.27.12-jpeg-e1695307375381-150x150.webp 150w, https:\/\/www.foradacaixacoletivo.com.br\/openzine\/wp-content\/uploads\/2023\/09\/WhatsApp-Image-2023-09-20-at-17.27.12-jpeg-e1695307375381-768x768.webp 768w, https:\/\/www.foradacaixacoletivo.com.br\/openzine\/wp-content\/uploads\/2023\/09\/WhatsApp-Image-2023-09-20-at-17.27.12-jpeg-e1695307375381.webp 1104w\" sizes=\"auto, (max-width: 1024px) 100vw, 1024px\" \/><\/figure>\n\n\n\n<p><strong>Regina Proen\u00e7a<\/strong>&nbsp;\u00e9 fundadora do coletivo, atua como professora, tradutora e pesquisadora. Graduada em Filosofia, mestre em Comunica\u00e7\u00e3o e Cultura. Praticante de medita\u00e7\u00e3o desde 2003. H\u00e1 mais de 25 anos tem trabalhado ativamente na implementa\u00e7\u00e3o de projetos de Cultura de Paz, Filosofia e Pr\u00e1ticas Contemplativas. Atualmente, est\u00e1 em forma\u00e7\u00e3o no curso de Medicina Tibetana. Coordena as atividades do Coletivo Cultural Fora da Caixa.<br><em><strong>She is<\/strong> the founder of the collective, works as a teacher, translator and researcher. Graduated in Philosophy, Master in Communication and Culture. Practitioner of meditation since 2003. For over 25 years she has been actively working on the implementation of Culture of Peace, Philosophy and Contemplative Practices projects. She is currently in training on the Tibetan Medicine course. Coordinates the activities of the Cultural Collective Fora da Caixa.<\/em><\/p>\n\n\n\n<div style=\"height:59px\" aria-hidden=\"true\" class=\"wp-block-spacer\"><\/div>\n\n\n\n<figure class=\"wp-block-image alignleft size-large is-resized is-style-rounded wp-duotone-unset-1\"><img data-dominant-color=\"8c857e\" data-has-transparency=\"false\" loading=\"lazy\" decoding=\"async\" width=\"1024\" height=\"1024\" src=\"https:\/\/www.foradacaixacoletivo.com.br\/openzine\/wp-content\/uploads\/2023\/09\/20230920_1552502-scaled-e1695319018766-1024x1024.webp\" alt=\"\" class=\"wp-image-6287 not-transparent\" style=\"--dominant-color: #8c857e; width:145px\" srcset=\"https:\/\/www.foradacaixacoletivo.com.br\/openzine\/wp-content\/uploads\/2023\/09\/20230920_1552502-scaled-e1695319018766-1024x1024.webp 1024w, https:\/\/www.foradacaixacoletivo.com.br\/openzine\/wp-content\/uploads\/2023\/09\/20230920_1552502-scaled-e1695319018766-300x300.webp 300w, https:\/\/www.foradacaixacoletivo.com.br\/openzine\/wp-content\/uploads\/2023\/09\/20230920_1552502-scaled-e1695319018766-150x150.webp 150w, https:\/\/www.foradacaixacoletivo.com.br\/openzine\/wp-content\/uploads\/2023\/09\/20230920_1552502-scaled-e1695319018766-768x768.webp 768w, https:\/\/www.foradacaixacoletivo.com.br\/openzine\/wp-content\/uploads\/2023\/09\/20230920_1552502-scaled-e1695319018766-1536x1536.webp 1536w, https:\/\/www.foradacaixacoletivo.com.br\/openzine\/wp-content\/uploads\/2023\/09\/20230920_1552502-scaled-e1695319018766.webp 1561w\" sizes=\"auto, (max-width: 1024px) 100vw, 1024px\" \/><\/figure>\n\n\n\n<p><strong><strong>Ricardo Albuquerque<\/strong>&nbsp;<\/strong>\u00e9 graduado em Publicidade e Propaganda, desenvolve sites e sistemas web, produz m\u00eddias digitais e edita a revista digital Openzine. Atua como facilitador nos cursos de <a href=\"https:\/\/www.foradacaixacoletivo.com.br\/openzine\/introducao-a-fotografia-com-celular\/\">Introdu\u00e7\u00e3o a Fotografia com Celular<\/a> e no <a href=\"https:\/\/www.foradacaixacoletivo.com.br\/openzine\/workshop-de-meditacao-e-fotografia-contemplativa\/\">Workshop de Medita\u00e7\u00e3o e Fotografia Contemplativa<\/a>. Instagram: <a href=\"https:\/\/www.instagram.com\/sorocabafotosdigitais\/\">@sorocabafotosdigitais<\/a>.<br><em><strong>He has<\/strong> a degree in Advertising, web developer, takes care of the production of photos, videos and the digital magazine Openzine. He works as a teacher and collaborator in the collective\u2019s projects.<\/em><\/p>\n\n\n\n<div style=\"height:60px\" aria-hidden=\"true\" class=\"wp-block-spacer\"><\/div>\n\n\n\n<figure class=\"wp-block-image alignleft size-full is-resized is-style-rounded\"><img data-dominant-color=\"8c766d\" data-has-transparency=\"false\" loading=\"lazy\" decoding=\"async\" width=\"960\" height=\"960\" src=\"https:\/\/www.foradacaixacoletivo.com.br\/openzine\/wp-content\/uploads\/2023\/09\/WhatsApp-Image-2023-09-21-at-23.28.24-jpeg.webp\" alt=\"\" class=\"wp-image-6291 not-transparent\" style=\"--dominant-color: #8c766d; width:145px\" srcset=\"https:\/\/www.foradacaixacoletivo.com.br\/openzine\/wp-content\/uploads\/2023\/09\/WhatsApp-Image-2023-09-21-at-23.28.24-jpeg.webp 960w, https:\/\/www.foradacaixacoletivo.com.br\/openzine\/wp-content\/uploads\/2023\/09\/WhatsApp-Image-2023-09-21-at-23.28.24-300x300.webp 300w, https:\/\/www.foradacaixacoletivo.com.br\/openzine\/wp-content\/uploads\/2023\/09\/WhatsApp-Image-2023-09-21-at-23.28.24-150x150.webp 150w, https:\/\/www.foradacaixacoletivo.com.br\/openzine\/wp-content\/uploads\/2023\/09\/WhatsApp-Image-2023-09-21-at-23.28.24-768x768.webp 768w\" sizes=\"auto, (max-width: 960px) 100vw, 960px\" \/><\/figure>\n\n\n\n<p><strong>Nath\u00e1lia Grespan<\/strong>&nbsp;\u00e9 bi\u00f3loga, artes\u00e3 e redatora de nossa revista digital Openzine. Atua como colaboradora em nossas atividades na sede do coletivo.<br><em><strong>She is<\/strong> a biologist, artisan and writer for our digital magazine Openzine. Acts as a collaborator in our activities at the collective\u2019s headquarters.<\/em><\/p>\n\n\n\n<div style=\"height:60px\" aria-hidden=\"true\" class=\"wp-block-spacer\"><\/div>\n\n\n\n<figure class=\"wp-block-image alignleft size-full is-resized is-style-rounded\"><img data-dominant-color=\"70615c\" data-has-transparency=\"false\" loading=\"lazy\" decoding=\"async\" width=\"613\" height=\"613\" src=\"https:\/\/www.foradacaixacoletivo.com.br\/openzine\/wp-content\/uploads\/2023\/09\/WhatsApp-Image-2023-09-21-at-22.45.55-1-jpeg.webp\" alt=\"\" class=\"wp-image-6295 not-transparent\" style=\"--dominant-color: #70615c; width:142px\" srcset=\"https:\/\/www.foradacaixacoletivo.com.br\/openzine\/wp-content\/uploads\/2023\/09\/WhatsApp-Image-2023-09-21-at-22.45.55-1-jpeg.webp 613w, https:\/\/www.foradacaixacoletivo.com.br\/openzine\/wp-content\/uploads\/2023\/09\/WhatsApp-Image-2023-09-21-at-22.45.55-1-300x300.webp 300w, https:\/\/www.foradacaixacoletivo.com.br\/openzine\/wp-content\/uploads\/2023\/09\/WhatsApp-Image-2023-09-21-at-22.45.55-1-150x150.webp 150w\" sizes=\"auto, (max-width: 613px) 100vw, 613px\" \/><\/figure>\n\n\n\n<p><strong>Mirela Proen\u00e7a<\/strong>&nbsp;\u00e9 graduada em Recursos Humanos, P\u00f3s graduada em Lideran\u00e7a e Gest\u00e3o de Pessoas. Atua na \u00e1rea de Recursos Humanos e DEI, al\u00e9m de atuar como professora no programa de Educa\u00e7\u00e3o para Paz no Educand\u00e1rio e Instituto Andr\u00e9 Luiz. Apoia no desenvolvimento dos projetos e eventos do coletivo.<br><em><strong>She has<\/strong> a degree in Human Resources, a postgraduate degree in Leadership and People Management. She works in the area of \u200b\u200bHuman Resources and DEI, in addition to working as a teacher in the Education for Peace program at Educand\u00e1rio and Instituto Andr\u00e9 Luiz. Supports the development of the collective\u2019s projects and events.<\/em><\/p>\n\n\n\n<hr class=\"wp-block-separator has-css-opacity\"\/>\n\n\n\n<p><\/p>\n","protected":false},"excerpt":{"rendered":"<p>Sobre A OpenzinePretende ser um canal de reflex\u00e3o e di\u00e1logo, bem como um portal de divulga\u00e7\u00e3o dos projetos s\u00f3cio culturais que estamos realizando e a programa\u00e7\u00e3o de cursos e encontros de di\u00e1logo que promovemos mensalmente.Optamos por um formato de revista digital aberta, onde as atualiza\u00e7\u00f5es de artigos e not\u00edcias podem ser inseridas a qualquer momento, [&hellip;]<\/p>\n","protected":false},"author":2,"featured_media":0,"parent":0,"menu_order":0,"comment_status":"closed","ping_status":"closed","template":"","meta":{"ngg_post_thumbnail":0,"_themeisle_gutenberg_block_has_review":false,"footnotes":""},"class_list":["post-2","page","type-page","status-publish","hentry"],"blocksy_meta":[],"_links":{"self":[{"href":"https:\/\/www.foradacaixacoletivo.com.br\/openzine\/wp-json\/wp\/v2\/pages\/2","targetHints":{"allow":["GET"]}}],"collection":[{"href":"https:\/\/www.foradacaixacoletivo.com.br\/openzine\/wp-json\/wp\/v2\/pages"}],"about":[{"href":"https:\/\/www.foradacaixacoletivo.com.br\/openzine\/wp-json\/wp\/v2\/types\/page"}],"author":[{"embeddable":true,"href":"https:\/\/www.foradacaixacoletivo.com.br\/openzine\/wp-json\/wp\/v2\/users\/2"}],"replies":[{"embeddable":true,"href":"https:\/\/www.foradacaixacoletivo.com.br\/openzine\/wp-json\/wp\/v2\/comments?post=2"}],"version-history":[{"count":49,"href":"https:\/\/www.foradacaixacoletivo.com.br\/openzine\/wp-json\/wp\/v2\/pages\/2\/revisions"}],"predecessor-version":[{"id":9353,"href":"https:\/\/www.foradacaixacoletivo.com.br\/openzine\/wp-json\/wp\/v2\/pages\/2\/revisions\/9353"}],"wp:attachment":[{"href":"https:\/\/www.foradacaixacoletivo.com.br\/openzine\/wp-json\/wp\/v2\/media?parent=2"}],"curies":[{"name":"wp","href":"https:\/\/api.w.org\/{rel}","templated":true}]}}